{"id":1107,"date":"2015-11-03T16:19:12","date_gmt":"2015-11-03T15:19:12","guid":{"rendered":"http:\/\/calderonbilbao.com\/fr\/getxo\/"},"modified":"2025-11-06T12:01:30","modified_gmt":"2025-11-06T11:01:30","slug":"getxo","status":"publish","type":"page","link":"https:\/\/calderonbilbao.com\/fr\/getxo\/","title":{"rendered":"Getxo"},"content":{"rendered":"<div id='gallery-1' class='gallery galleryid-1107 gallery-columns-1 gallery-size-large'><figure class='gallery-item'>\n\t\t\t<div class='gallery-icon landscape'>\n\t\t\t\t<img loading=\"lazy\" decoding=\"async\" width=\"1024\" height=\"683\" src=\"https:\/\/calderonbilbao.com\/wp-content\/uploads\/2015\/11\/getxo-01-1024x683.jpg\" class=\"attachment-large size-large\" alt=\"\" srcset=\"https:\/\/calderonbilbao.com\/wp-content\/uploads\/2015\/11\/getxo-01-1024x683.jpg 1024w, https:\/\/calderonbilbao.com\/wp-content\/uploads\/2015\/11\/getxo-01-300x200.jpg 300w, https:\/\/calderonbilbao.com\/wp-content\/uploads\/2015\/11\/getxo-01-768x512.jpg 768w, https:\/\/calderonbilbao.com\/wp-content\/uploads\/2015\/11\/getxo-01-825x550.jpg 825w, https:\/\/calderonbilbao.com\/wp-content\/uploads\/2015\/11\/getxo-01-1200x800.jpg 1200w, https:\/\/calderonbilbao.com\/wp-content\/uploads\/2015\/11\/getxo-01.jpg 1500w\" sizes=\"auto, (max-width: 1024px) 100vw, 1024px\" \/>\n\t\t\t<\/div><\/figure>\n\t\t<\/div>\n\n<div id='gallery-2' class='gallery galleryid-1107 gallery-columns-1 gallery-size-large'><figure class='gallery-item'>\n\t\t\t<div class='gallery-icon portrait'>\n\t\t\t\t<img loading=\"lazy\" decoding=\"async\" width=\"683\" height=\"1024\" src=\"https:\/\/calderonbilbao.com\/wp-content\/uploads\/2015\/11\/getxo-02-683x1024.jpg\" class=\"attachment-large size-large\" alt=\"\" srcset=\"https:\/\/calderonbilbao.com\/wp-content\/uploads\/2015\/11\/getxo-02-683x1024.jpg 683w, https:\/\/calderonbilbao.com\/wp-content\/uploads\/2015\/11\/getxo-02-200x300.jpg 200w, https:\/\/calderonbilbao.com\/wp-content\/uploads\/2015\/11\/getxo-02-768x1152.jpg 768w, https:\/\/calderonbilbao.com\/wp-content\/uploads\/2015\/11\/getxo-02-533x800.jpg 533w, https:\/\/calderonbilbao.com\/wp-content\/uploads\/2015\/11\/getxo-02.jpg 1000w\" sizes=\"auto, (max-width: 683px) 100vw, 683px\" \/>\n\t\t\t<\/div><\/figure>\n\t\t<\/div>\n\n<div id='gallery-3' class='gallery galleryid-1107 gallery-columns-1 gallery-size-large'><figure class='gallery-item'>\n\t\t\t<div class='gallery-icon landscape'>\n\t\t\t\t<img loading=\"lazy\" decoding=\"async\" width=\"1024\" height=\"791\" src=\"https:\/\/calderonbilbao.com\/wp-content\/uploads\/2015\/11\/getxo-03-1024x791.jpg\" class=\"attachment-large size-large\" alt=\"\" srcset=\"https:\/\/calderonbilbao.com\/wp-content\/uploads\/2015\/11\/getxo-03-1024x791.jpg 1024w, https:\/\/calderonbilbao.com\/wp-content\/uploads\/2015\/11\/getxo-03-300x232.jpg 300w, https:\/\/calderonbilbao.com\/wp-content\/uploads\/2015\/11\/getxo-03-768x593.jpg 768w, https:\/\/calderonbilbao.com\/wp-content\/uploads\/2015\/11\/getxo-03-1036x800.jpg 1036w, https:\/\/calderonbilbao.com\/wp-content\/uploads\/2015\/11\/getxo-03.jpg 1500w\" sizes=\"auto, (max-width: 1024px) 100vw, 1024px\" \/>\n\t\t\t<\/div><\/figure>\n\t\t<\/div>\n\n<div id='gallery-4' class='gallery galleryid-1107 gallery-columns-1 gallery-size-large'><figure class='gallery-item'>\n\t\t\t<div class='gallery-icon portrait'>\n\t\t\t\t<img loading=\"lazy\" decoding=\"async\" width=\"683\" height=\"1024\" src=\"https:\/\/calderonbilbao.com\/wp-content\/uploads\/2015\/11\/getxo-04-683x1024.jpg\" class=\"attachment-large size-large\" alt=\"\" srcset=\"https:\/\/calderonbilbao.com\/wp-content\/uploads\/2015\/11\/getxo-04-683x1024.jpg 683w, https:\/\/calderonbilbao.com\/wp-content\/uploads\/2015\/11\/getxo-04-200x300.jpg 200w, https:\/\/calderonbilbao.com\/wp-content\/uploads\/2015\/11\/getxo-04-768x1152.jpg 768w, https:\/\/calderonbilbao.com\/wp-content\/uploads\/2015\/11\/getxo-04-533x800.jpg 533w, https:\/\/calderonbilbao.com\/wp-content\/uploads\/2015\/11\/getxo-04.jpg 1000w\" sizes=\"auto, (max-width: 683px) 100vw, 683px\" \/>\n\t\t\t<\/div><\/figure>\n\t\t<\/div>\n\n<div id='gallery-5' class='gallery galleryid-1107 gallery-columns-1 gallery-size-large'><figure class='gallery-item'>\n\t\t\t<div class='gallery-icon portrait'>\n\t\t\t\t<img loading=\"lazy\" decoding=\"async\" width=\"683\" height=\"1024\" src=\"https:\/\/calderonbilbao.com\/wp-content\/uploads\/2015\/11\/getxo-05-683x1024.jpg\" class=\"attachment-large size-large\" alt=\"\" srcset=\"https:\/\/calderonbilbao.com\/wp-content\/uploads\/2015\/11\/getxo-05-683x1024.jpg 683w, https:\/\/calderonbilbao.com\/wp-content\/uploads\/2015\/11\/getxo-05-200x300.jpg 200w, https:\/\/calderonbilbao.com\/wp-content\/uploads\/2015\/11\/getxo-05-768x1152.jpg 768w, https:\/\/calderonbilbao.com\/wp-content\/uploads\/2015\/11\/getxo-05-533x800.jpg 533w, https:\/\/calderonbilbao.com\/wp-content\/uploads\/2015\/11\/getxo-05.jpg 1000w\" sizes=\"auto, (max-width: 683px) 100vw, 683px\" \/>\n\t\t\t<\/div><\/figure>\n\t\t<\/div>\n\n<div id='gallery-6' class='gallery galleryid-1107 gallery-columns-1 gallery-size-large'><figure class='gallery-item'>\n\t\t\t<div class='gallery-icon portrait'>\n\t\t\t\t<img loading=\"lazy\" decoding=\"async\" width=\"683\" height=\"1024\" src=\"https:\/\/calderonbilbao.com\/wp-content\/uploads\/2015\/11\/getxo-06-683x1024.jpg\" class=\"attachment-large size-large\" alt=\"\" srcset=\"https:\/\/calderonbilbao.com\/wp-content\/uploads\/2015\/11\/getxo-06-683x1024.jpg 683w, https:\/\/calderonbilbao.com\/wp-content\/uploads\/2015\/11\/getxo-06-200x300.jpg 200w, https:\/\/calderonbilbao.com\/wp-content\/uploads\/2015\/11\/getxo-06-768x1152.jpg 768w, https:\/\/calderonbilbao.com\/wp-content\/uploads\/2015\/11\/getxo-06-533x800.jpg 533w, https:\/\/calderonbilbao.com\/wp-content\/uploads\/2015\/11\/getxo-06.jpg 1000w\" sizes=\"auto, (max-width: 683px) 100vw, 683px\" \/>\n\t\t\t<\/div><\/figure>\n\t\t<\/div>\n\n<div id='gallery-7' class='gallery galleryid-1107 gallery-columns-1 gallery-size-large'><figure class='gallery-item'>\n\t\t\t<div class='gallery-icon portrait'>\n\t\t\t\t<img loading=\"lazy\" decoding=\"async\" width=\"683\" height=\"1024\" src=\"https:\/\/calderonbilbao.com\/wp-content\/uploads\/2015\/11\/getxo-07-683x1024.jpg\" class=\"attachment-large size-large\" alt=\"\" srcset=\"https:\/\/calderonbilbao.com\/wp-content\/uploads\/2015\/11\/getxo-07-683x1024.jpg 683w, https:\/\/calderonbilbao.com\/wp-content\/uploads\/2015\/11\/getxo-07-200x300.jpg 200w, https:\/\/calderonbilbao.com\/wp-content\/uploads\/2015\/11\/getxo-07-768x1152.jpg 768w, https:\/\/calderonbilbao.com\/wp-content\/uploads\/2015\/11\/getxo-07-533x800.jpg 533w, https:\/\/calderonbilbao.com\/wp-content\/uploads\/2015\/11\/getxo-07.jpg 1000w\" sizes=\"auto, (max-width: 683px) 100vw, 683px\" \/>\n\t\t\t<\/div><\/figure>\n\t\t<\/div>\n\n<div id='gallery-8' class='gallery galleryid-1107 gallery-columns-2 gallery-size-large'><figure class='gallery-item'>\n\t\t\t<div class='gallery-icon landscape'>\n\t\t\t\t<img loading=\"lazy\" decoding=\"async\" width=\"1024\" height=\"683\" src=\"https:\/\/calderonbilbao.com\/wp-content\/uploads\/2015\/11\/getxo-08-1024x683.jpg\" class=\"attachment-large size-large\" alt=\"\" srcset=\"https:\/\/calderonbilbao.com\/wp-content\/uploads\/2015\/11\/getxo-08-1024x683.jpg 1024w, https:\/\/calderonbilbao.com\/wp-content\/uploads\/2015\/11\/getxo-08-300x200.jpg 300w, https:\/\/calderonbilbao.com\/wp-content\/uploads\/2015\/11\/getxo-08-768x512.jpg 768w, https:\/\/calderonbilbao.com\/wp-content\/uploads\/2015\/11\/getxo-08-825x550.jpg 825w, https:\/\/calderonbilbao.com\/wp-content\/uploads\/2015\/11\/getxo-08-1200x800.jpg 1200w, https:\/\/calderonbilbao.com\/wp-content\/uploads\/2015\/11\/getxo-08.jpg 1500w\" sizes=\"auto, (max-width: 1024px) 100vw, 1024px\" \/>\n\t\t\t<\/div><\/figure><figure class='gallery-item'>\n\t\t\t<div class='gallery-icon landscape'>\n\t\t\t\t<img loading=\"lazy\" decoding=\"async\" width=\"1024\" height=\"683\" src=\"https:\/\/calderonbilbao.com\/wp-content\/uploads\/2015\/11\/getxo-09-1024x683.jpg\" class=\"attachment-large size-large\" alt=\"\" srcset=\"https:\/\/calderonbilbao.com\/wp-content\/uploads\/2015\/11\/getxo-09-1024x683.jpg 1024w, https:\/\/calderonbilbao.com\/wp-content\/uploads\/2015\/11\/getxo-09-300x200.jpg 300w, https:\/\/calderonbilbao.com\/wp-content\/uploads\/2015\/11\/getxo-09-768x512.jpg 768w, https:\/\/calderonbilbao.com\/wp-content\/uploads\/2015\/11\/getxo-09-825x550.jpg 825w, https:\/\/calderonbilbao.com\/wp-content\/uploads\/2015\/11\/getxo-09-1200x800.jpg 1200w, https:\/\/calderonbilbao.com\/wp-content\/uploads\/2015\/11\/getxo-09.jpg 1500w\" sizes=\"auto, (max-width: 1024px) 100vw, 1024px\" \/>\n\t\t\t<\/div><\/figure>\n\t\t<\/div>\n\n<div id='gallery-9' class='gallery galleryid-1107 gallery-columns-1 gallery-size-large'><figure class='gallery-item'>\n\t\t\t<div class='gallery-icon portrait'>\n\t\t\t\t<img loading=\"lazy\" decoding=\"async\" width=\"683\" height=\"1024\" src=\"https:\/\/calderonbilbao.com\/wp-content\/uploads\/2015\/11\/getxo-10-683x1024.jpg\" class=\"attachment-large size-large\" alt=\"\" srcset=\"https:\/\/calderonbilbao.com\/wp-content\/uploads\/2015\/11\/getxo-10-683x1024.jpg 683w, https:\/\/calderonbilbao.com\/wp-content\/uploads\/2015\/11\/getxo-10-200x300.jpg 200w, https:\/\/calderonbilbao.com\/wp-content\/uploads\/2015\/11\/getxo-10-768x1152.jpg 768w, https:\/\/calderonbilbao.com\/wp-content\/uploads\/2015\/11\/getxo-10-533x800.jpg 533w, https:\/\/calderonbilbao.com\/wp-content\/uploads\/2015\/11\/getxo-10.jpg 1000w\" sizes=\"auto, (max-width: 683px) 100vw, 683px\" \/>\n\t\t\t<\/div><\/figure>\n\t\t<\/div>\n\n<div id='gallery-10' class='gallery galleryid-1107 gallery-columns-1 gallery-size-large'><figure class='gallery-item'>\n\t\t\t<div class='gallery-icon landscape'>\n\t\t\t\t<img loading=\"lazy\" decoding=\"async\" width=\"1024\" height=\"683\" src=\"https:\/\/calderonbilbao.com\/wp-content\/uploads\/2015\/11\/getxo-11-1024x683.jpg\" class=\"attachment-large size-large\" alt=\"\" srcset=\"https:\/\/calderonbilbao.com\/wp-content\/uploads\/2015\/11\/getxo-11-1024x683.jpg 1024w, https:\/\/calderonbilbao.com\/wp-content\/uploads\/2015\/11\/getxo-11-300x200.jpg 300w, https:\/\/calderonbilbao.com\/wp-content\/uploads\/2015\/11\/getxo-11-768x512.jpg 768w, https:\/\/calderonbilbao.com\/wp-content\/uploads\/2015\/11\/getxo-11-825x550.jpg 825w, https:\/\/calderonbilbao.com\/wp-content\/uploads\/2015\/11\/getxo-11-1200x800.jpg 1200w, https:\/\/calderonbilbao.com\/wp-content\/uploads\/2015\/11\/getxo-11.jpg 1500w\" sizes=\"auto, (max-width: 1024px) 100vw, 1024px\" \/>\n\t\t\t<\/div><\/figure>\n\t\t<\/div>\n\n<div id='gallery-11' class='gallery galleryid-1107 gallery-columns-1 gallery-size-large'><figure class='gallery-item'>\n\t\t\t<div class='gallery-icon portrait'>\n\t\t\t\t<img loading=\"lazy\" decoding=\"async\" width=\"683\" height=\"1024\" src=\"https:\/\/calderonbilbao.com\/wp-content\/uploads\/2015\/11\/getxo-12-683x1024.jpg\" class=\"attachment-large size-large\" alt=\"\" srcset=\"https:\/\/calderonbilbao.com\/wp-content\/uploads\/2015\/11\/getxo-12-683x1024.jpg 683w, https:\/\/calderonbilbao.com\/wp-content\/uploads\/2015\/11\/getxo-12-200x300.jpg 200w, https:\/\/calderonbilbao.com\/wp-content\/uploads\/2015\/11\/getxo-12-768x1152.jpg 768w, https:\/\/calderonbilbao.com\/wp-content\/uploads\/2015\/11\/getxo-12-533x800.jpg 533w, https:\/\/calderonbilbao.com\/wp-content\/uploads\/2015\/11\/getxo-12.jpg 1000w\" sizes=\"auto, (max-width: 683px) 100vw, 683px\" \/>\n\t\t\t<\/div><\/figure>\n\t\t<\/div>\n\n","protected":false},"excerpt":{"rendered":"","protected":false},"author":1,"featured_media":642,"parent":0,"menu_order":30,"comment_status":"closed","ping_status":"closed","template":"page-horizontal.php","meta":{"footnotes":""},"class_list":["post-1107","page","type-page","status-publish","hentry"],"yoast_head":"<!-- This site is optimized with the Yoast SEO plugin v26.3 - https:\/\/yoast.com\/wordpress\/plugins\/seo\/ -->\n<title>Getxo - Calder\u00f3n Bilbao<\/title>\n<meta name=\"description\" content=\"D\u00faplex decorado por Ana y Cristina Calder\u00f3n. Terraza espectacular con vistas a los jardines de un precioso parque. Los colores grises marcan la pauta.\" \/>\n<meta name=\"robots\" content=\"index, follow, max-snippet:-1, max-image-preview:large, max-video-preview:-1\" \/>\n<link rel=\"canonical\" href=\"https:\/\/calderonbilbao.com\/fr\/getxo\/\" \/>\n<meta property=\"og:locale\" content=\"fr_FR\" \/>\n<meta property=\"og:type\" content=\"article\" \/>\n<meta property=\"og:title\" content=\"Getxo - Calder\u00f3n Bilbao\" \/>\n<meta property=\"og:description\" content=\"D\u00faplex decorado por Ana y Cristina Calder\u00f3n. Terraza espectacular con vistas a los jardines de un precioso parque. Los colores grises marcan la pauta.\" \/>\n<meta property=\"og:url\" content=\"https:\/\/calderonbilbao.com\/fr\/getxo\/\" \/>\n<meta property=\"og:site_name\" content=\"Calder\u00f3n Bilbao\" \/>\n<meta property=\"article:modified_time\" content=\"2025-11-06T11:01:30+00:00\" \/>\n<meta property=\"og:image\" content=\"https:\/\/calderonbilbao.com\/wp-content\/uploads\/2015\/11\/getxo-01.jpg\" \/>\n\t<meta property=\"og:image:width\" content=\"1500\" \/>\n\t<meta property=\"og:image:height\" content=\"1000\" \/>\n\t<meta property=\"og:image:type\" content=\"image\/jpeg\" \/>\n<meta name=\"twitter:card\" content=\"summary_large_image\" \/>\n<script type=\"application\/ld+json\" class=\"yoast-schema-graph\">{\"@context\":\"https:\/\/schema.org\",\"@graph\":[{\"@type\":\"WebPage\",\"@id\":\"https:\/\/calderonbilbao.com\/fr\/getxo\/\",\"url\":\"https:\/\/calderonbilbao.com\/fr\/getxo\/\",\"name\":\"Getxo - Calder\u00f3n Bilbao\",\"isPartOf\":{\"@id\":\"https:\/\/calderonbilbao.com\/fr\/#website\"},\"primaryImageOfPage\":{\"@id\":\"https:\/\/calderonbilbao.com\/fr\/getxo\/#primaryimage\"},\"image\":{\"@id\":\"https:\/\/calderonbilbao.com\/fr\/getxo\/#primaryimage\"},\"thumbnailUrl\":\"https:\/\/calderonbilbao.com\/wp-content\/uploads\/2015\/11\/getxo-01.jpg\",\"datePublished\":\"2015-11-03T15:19:12+00:00\",\"dateModified\":\"2025-11-06T11:01:30+00:00\",\"description\":\"D\u00faplex decorado por Ana y Cristina Calder\u00f3n. Terraza espectacular con vistas a los jardines de un precioso parque. Los colores grises marcan la pauta.\",\"breadcrumb\":{\"@id\":\"https:\/\/calderonbilbao.com\/fr\/getxo\/#breadcrumb\"},\"inLanguage\":\"fr-FR\",\"potentialAction\":[{\"@type\":\"ReadAction\",\"target\":[\"https:\/\/calderonbilbao.com\/fr\/getxo\/\"]}]},{\"@type\":\"ImageObject\",\"inLanguage\":\"fr-FR\",\"@id\":\"https:\/\/calderonbilbao.com\/fr\/getxo\/#primaryimage\",\"url\":\"https:\/\/calderonbilbao.com\/wp-content\/uploads\/2015\/11\/getxo-01.jpg\",\"contentUrl\":\"https:\/\/calderonbilbao.com\/wp-content\/uploads\/2015\/11\/getxo-01.jpg\",\"width\":1500,\"height\":1000},{\"@type\":\"BreadcrumbList\",\"@id\":\"https:\/\/calderonbilbao.com\/fr\/getxo\/#breadcrumb\",\"itemListElement\":[{\"@type\":\"ListItem\",\"position\":1,\"name\":\"Portada\",\"item\":\"https:\/\/calderonbilbao.com\/fr\/\"},{\"@type\":\"ListItem\",\"position\":2,\"name\":\"Getxo\"}]},{\"@type\":\"WebSite\",\"@id\":\"https:\/\/calderonbilbao.com\/fr\/#website\",\"url\":\"https:\/\/calderonbilbao.com\/fr\/\",\"name\":\"Calder\u00f3n Bilbao\",\"description\":\"Decoraci\u00f3n\",\"potentialAction\":[{\"@type\":\"SearchAction\",\"target\":{\"@type\":\"EntryPoint\",\"urlTemplate\":\"https:\/\/calderonbilbao.com\/fr\/?s={search_term_string}\"},\"query-input\":{\"@type\":\"PropertyValueSpecification\",\"valueRequired\":true,\"valueName\":\"search_term_string\"}}],\"inLanguage\":\"fr-FR\"}]}<\/script>\n<!-- \/ Yoast SEO plugin. -->","yoast_head_json":{"title":"Getxo - Calder\u00f3n Bilbao","description":"D\u00faplex decorado por Ana y Cristina Calder\u00f3n. Terraza espectacular con vistas a los jardines de un precioso parque. Los colores grises marcan la pauta.","robots":{"index":"index","follow":"follow","max-snippet":"max-snippet:-1","max-image-preview":"max-image-preview:large","max-video-preview":"max-video-preview:-1"},"canonical":"https:\/\/calderonbilbao.com\/fr\/getxo\/","og_locale":"fr_FR","og_type":"article","og_title":"Getxo - Calder\u00f3n Bilbao","og_description":"D\u00faplex decorado por Ana y Cristina Calder\u00f3n. Terraza espectacular con vistas a los jardines de un precioso parque. Los colores grises marcan la pauta.","og_url":"https:\/\/calderonbilbao.com\/fr\/getxo\/","og_site_name":"Calder\u00f3n Bilbao","article_modified_time":"2025-11-06T11:01:30+00:00","og_image":[{"width":1500,"height":1000,"url":"https:\/\/calderonbilbao.com\/wp-content\/uploads\/2015\/11\/getxo-01.jpg","type":"image\/jpeg"}],"twitter_card":"summary_large_image","schema":{"@context":"https:\/\/schema.org","@graph":[{"@type":"WebPage","@id":"https:\/\/calderonbilbao.com\/fr\/getxo\/","url":"https:\/\/calderonbilbao.com\/fr\/getxo\/","name":"Getxo - Calder\u00f3n Bilbao","isPartOf":{"@id":"https:\/\/calderonbilbao.com\/fr\/#website"},"primaryImageOfPage":{"@id":"https:\/\/calderonbilbao.com\/fr\/getxo\/#primaryimage"},"image":{"@id":"https:\/\/calderonbilbao.com\/fr\/getxo\/#primaryimage"},"thumbnailUrl":"https:\/\/calderonbilbao.com\/wp-content\/uploads\/2015\/11\/getxo-01.jpg","datePublished":"2015-11-03T15:19:12+00:00","dateModified":"2025-11-06T11:01:30+00:00","description":"D\u00faplex decorado por Ana y Cristina Calder\u00f3n. Terraza espectacular con vistas a los jardines de un precioso parque. Los colores grises marcan la pauta.","breadcrumb":{"@id":"https:\/\/calderonbilbao.com\/fr\/getxo\/#breadcrumb"},"inLanguage":"fr-FR","potentialAction":[{"@type":"ReadAction","target":["https:\/\/calderonbilbao.com\/fr\/getxo\/"]}]},{"@type":"ImageObject","inLanguage":"fr-FR","@id":"https:\/\/calderonbilbao.com\/fr\/getxo\/#primaryimage","url":"https:\/\/calderonbilbao.com\/wp-content\/uploads\/2015\/11\/getxo-01.jpg","contentUrl":"https:\/\/calderonbilbao.com\/wp-content\/uploads\/2015\/11\/getxo-01.jpg","width":1500,"height":1000},{"@type":"BreadcrumbList","@id":"https:\/\/calderonbilbao.com\/fr\/getxo\/#breadcrumb","itemListElement":[{"@type":"ListItem","position":1,"name":"Portada","item":"https:\/\/calderonbilbao.com\/fr\/"},{"@type":"ListItem","position":2,"name":"Getxo"}]},{"@type":"WebSite","@id":"https:\/\/calderonbilbao.com\/fr\/#website","url":"https:\/\/calderonbilbao.com\/fr\/","name":"Calder\u00f3n Bilbao","description":"Decoraci\u00f3n","potentialAction":[{"@type":"SearchAction","target":{"@type":"EntryPoint","urlTemplate":"https:\/\/calderonbilbao.com\/fr\/?s={search_term_string}"},"query-input":{"@type":"PropertyValueSpecification","valueRequired":true,"valueName":"search_term_string"}}],"inLanguage":"fr-FR"}]}},"_links":{"self":[{"href":"https:\/\/calderonbilbao.com\/fr\/wp-json\/wp\/v2\/pages\/1107","targetHints":{"allow":["GET"]}}],"collection":[{"href":"https:\/\/calderonbilbao.com\/fr\/wp-json\/wp\/v2\/pages"}],"about":[{"href":"https:\/\/calderonbilbao.com\/fr\/wp-json\/wp\/v2\/types\/page"}],"author":[{"embeddable":true,"href":"https:\/\/calderonbilbao.com\/fr\/wp-json\/wp\/v2\/users\/1"}],"replies":[{"embeddable":true,"href":"https:\/\/calderonbilbao.com\/fr\/wp-json\/wp\/v2\/comments?post=1107"}],"version-history":[{"count":1,"href":"https:\/\/calderonbilbao.com\/fr\/wp-json\/wp\/v2\/pages\/1107\/revisions"}],"predecessor-version":[{"id":1115,"href":"https:\/\/calderonbilbao.com\/fr\/wp-json\/wp\/v2\/pages\/1107\/revisions\/1115"}],"wp:featuredmedia":[{"embeddable":true,"href":"https:\/\/calderonbilbao.com\/fr\/wp-json\/wp\/v2\/media\/642"}],"wp:attachment":[{"href":"https:\/\/calderonbilbao.com\/fr\/wp-json\/wp\/v2\/media?parent=1107"}],"curies":[{"name":"wp","href":"https:\/\/api.w.org\/{rel}","templated":true}]}}