{"id":1096,"date":"2015-10-30T10:21:21","date_gmt":"2015-10-30T10:21:21","guid":{"rendered":"http:\/\/calderonbilbao.com\/fr\/decoracion\/"},"modified":"2025-11-06T12:01:10","modified_gmt":"2025-11-06T11:01:10","slug":"decoracion","status":"publish","type":"page","link":"https:\/\/calderonbilbao.com\/fr\/","title":{"rendered":"Decoraci\u00f3n"},"content":{"rendered":"","protected":false},"excerpt":{"rendered":"","protected":false},"author":1,"featured_media":0,"parent":0,"menu_order":0,"comment_status":"closed","ping_status":"closed","template":"page-portada.php","meta":{"footnotes":""},"class_list":["post-1096","page","type-page","status-publish","hentry"],"yoast_head":"<!-- This site is optimized with the Yoast SEO plugin v26.3 - https:\/\/yoast.com\/wordpress\/plugins\/seo\/ -->\n<title>Decoraci\u00f3n - Calder\u00f3n Bilbao<\/title>\n<meta name=\"description\" content=\"Calderon Bilbao Decoraci\u00f3n.\u00a0Depuis 1986. Les modes changent, le style reste\" \/>\n<meta name=\"robots\" content=\"index, follow, max-snippet:-1, max-image-preview:large, max-video-preview:-1\" \/>\n<link rel=\"canonical\" href=\"https:\/\/calderonbilbao.com\/fr\/\" \/>\n<meta property=\"og:locale\" content=\"fr_FR\" \/>\n<meta property=\"og:type\" content=\"article\" \/>\n<meta property=\"og:title\" content=\"Decoraci\u00f3n - Calder\u00f3n Bilbao\" \/>\n<meta property=\"og:description\" content=\"Calderon Bilbao Decoraci\u00f3n.\u00a0Depuis 1986. Les modes changent, le style reste\" \/>\n<meta property=\"og:url\" content=\"https:\/\/calderonbilbao.com\/fr\/\" \/>\n<meta property=\"og:site_name\" content=\"Calder\u00f3n Bilbao\" \/>\n<meta property=\"article:modified_time\" content=\"2025-11-06T11:01:10+00:00\" \/>\n<meta name=\"twitter:card\" content=\"summary_large_image\" \/>\n<meta name=\"twitter:image\" content=\"http:\/\/calderonbilbao.com\/wp-content\/uploads\/2015\/10\/calderon-bilbao-og.jpg\" \/>\n<script type=\"application\/ld+json\" class=\"yoast-schema-graph\">{\"@context\":\"https:\/\/schema.org\",\"@graph\":[{\"@type\":\"WebPage\",\"@id\":\"https:\/\/calderonbilbao.com\/fr\/\",\"url\":\"https:\/\/calderonbilbao.com\/fr\/\",\"name\":\"Decoraci\u00f3n - Calder\u00f3n Bilbao\",\"isPartOf\":{\"@id\":\"https:\/\/calderonbilbao.com\/fr\/#website\"},\"datePublished\":\"2015-10-30T10:21:21+00:00\",\"dateModified\":\"2025-11-06T11:01:10+00:00\",\"description\":\"Calderon Bilbao Decoraci\u00f3n.\u00a0Depuis 1986. Les modes changent, le style reste\",\"breadcrumb\":{\"@id\":\"https:\/\/calderonbilbao.com\/fr\/#breadcrumb\"},\"inLanguage\":\"fr-FR\",\"potentialAction\":[{\"@type\":\"ReadAction\",\"target\":[\"https:\/\/calderonbilbao.com\/fr\/\"]}]},{\"@type\":\"BreadcrumbList\",\"@id\":\"https:\/\/calderonbilbao.com\/fr\/#breadcrumb\",\"itemListElement\":[{\"@type\":\"ListItem\",\"position\":1,\"name\":\"Portada\",\"item\":\"https:\/\/calderonbilbao.com\/fr\/\"},{\"@type\":\"ListItem\",\"position\":2,\"name\":\"Decoraci\u00f3n\"}]},{\"@type\":\"WebSite\",\"@id\":\"https:\/\/calderonbilbao.com\/fr\/#website\",\"url\":\"https:\/\/calderonbilbao.com\/fr\/\",\"name\":\"Calder\u00f3n Bilbao\",\"description\":\"Decoraci\u00f3n\",\"potentialAction\":[{\"@type\":\"SearchAction\",\"target\":{\"@type\":\"EntryPoint\",\"urlTemplate\":\"https:\/\/calderonbilbao.com\/fr\/?s={search_term_string}\"},\"query-input\":{\"@type\":\"PropertyValueSpecification\",\"valueRequired\":true,\"valueName\":\"search_term_string\"}}],\"inLanguage\":\"fr-FR\"}]}<\/script>\n<!-- \/ Yoast SEO plugin. -->","yoast_head_json":{"title":"Decoraci\u00f3n - Calder\u00f3n Bilbao","description":"Calderon Bilbao Decoraci\u00f3n.\u00a0Depuis 1986. Les modes changent, le style reste","robots":{"index":"index","follow":"follow","max-snippet":"max-snippet:-1","max-image-preview":"max-image-preview:large","max-video-preview":"max-video-preview:-1"},"canonical":"https:\/\/calderonbilbao.com\/fr\/","og_locale":"fr_FR","og_type":"article","og_title":"Decoraci\u00f3n - Calder\u00f3n Bilbao","og_description":"Calderon Bilbao Decoraci\u00f3n.\u00a0Depuis 1986. Les modes changent, le style reste","og_url":"https:\/\/calderonbilbao.com\/fr\/","og_site_name":"Calder\u00f3n Bilbao","article_modified_time":"2025-11-06T11:01:10+00:00","twitter_card":"summary_large_image","twitter_image":"http:\/\/calderonbilbao.com\/wp-content\/uploads\/2015\/10\/calderon-bilbao-og.jpg","schema":{"@context":"https:\/\/schema.org","@graph":[{"@type":"WebPage","@id":"https:\/\/calderonbilbao.com\/fr\/","url":"https:\/\/calderonbilbao.com\/fr\/","name":"Decoraci\u00f3n - Calder\u00f3n Bilbao","isPartOf":{"@id":"https:\/\/calderonbilbao.com\/fr\/#website"},"datePublished":"2015-10-30T10:21:21+00:00","dateModified":"2025-11-06T11:01:10+00:00","description":"Calderon Bilbao Decoraci\u00f3n.\u00a0Depuis 1986. Les modes changent, le style reste","breadcrumb":{"@id":"https:\/\/calderonbilbao.com\/fr\/#breadcrumb"},"inLanguage":"fr-FR","potentialAction":[{"@type":"ReadAction","target":["https:\/\/calderonbilbao.com\/fr\/"]}]},{"@type":"BreadcrumbList","@id":"https:\/\/calderonbilbao.com\/fr\/#breadcrumb","itemListElement":[{"@type":"ListItem","position":1,"name":"Portada","item":"https:\/\/calderonbilbao.com\/fr\/"},{"@type":"ListItem","position":2,"name":"Decoraci\u00f3n"}]},{"@type":"WebSite","@id":"https:\/\/calderonbilbao.com\/fr\/#website","url":"https:\/\/calderonbilbao.com\/fr\/","name":"Calder\u00f3n Bilbao","description":"Decoraci\u00f3n","potentialAction":[{"@type":"SearchAction","target":{"@type":"EntryPoint","urlTemplate":"https:\/\/calderonbilbao.com\/fr\/?s={search_term_string}"},"query-input":{"@type":"PropertyValueSpecification","valueRequired":true,"valueName":"search_term_string"}}],"inLanguage":"fr-FR"}]}},"_links":{"self":[{"href":"https:\/\/calderonbilbao.com\/fr\/wp-json\/wp\/v2\/pages\/1096","targetHints":{"allow":["GET"]}}],"collection":[{"href":"https:\/\/calderonbilbao.com\/fr\/wp-json\/wp\/v2\/pages"}],"about":[{"href":"https:\/\/calderonbilbao.com\/fr\/wp-json\/wp\/v2\/types\/page"}],"author":[{"embeddable":true,"href":"https:\/\/calderonbilbao.com\/fr\/wp-json\/wp\/v2\/users\/1"}],"replies":[{"embeddable":true,"href":"https:\/\/calderonbilbao.com\/fr\/wp-json\/wp\/v2\/comments?post=1096"}],"version-history":[{"count":1,"href":"https:\/\/calderonbilbao.com\/fr\/wp-json\/wp\/v2\/pages\/1096\/revisions"}],"predecessor-version":[{"id":1098,"href":"https:\/\/calderonbilbao.com\/fr\/wp-json\/wp\/v2\/pages\/1096\/revisions\/1098"}],"wp:attachment":[{"href":"https:\/\/calderonbilbao.com\/fr\/wp-json\/wp\/v2\/media?parent=1096"}],"curies":[{"name":"wp","href":"https:\/\/api.w.org\/{rel}","templated":true}]}}